{"id":57044,"date":"2017-05-05T12:19:47","date_gmt":"2017-05-05T10:19:47","guid":{"rendered":"https:\/\/undsgn.com\/uncode\/?page_id=57044"},"modified":"2024-02-09T10:27:54","modified_gmt":"2024-02-09T09:27:54","slug":"services-minimal","status":"publish","type":"page","link":"https:\/\/omarce.pl\/en\/","title":{"rendered":"Homepage"},"content":{"rendered":"<div class=\"wpb-content-wrapper\"><div data-parent=\"true\" class=\"vc_row style-color-nhtu-bg row-container\" id=\"row-unique-0\"><div class=\"row unequal no-top-padding no-bottom-padding no-h-padding full-width row-parent\" data-height-ratio=\"full\"><div class=\"wpb_row row-inner\"><div class=\"wpb_column pos-top pos-center align_left column_parent col-lg-12 single-internal-gutter\"><div class=\"uncol style-dark unexpand\"  ><div class=\"uncoltable\"><div class=\"uncell no-block-padding\" ><div class=\"uncont\"><div class=\"vc_row row-internal row-container\"><div class=\"row unequal col-no-gutter row-child\"><div class=\"wpb_row row-inner\"><div class=\"wpb_column pos-top pos-center align_left column_child col-lg-6 single-internal-gutter\" id=\"malgosia\"><div class=\"uncol style-light unexpand\" ><div class=\"uncoltable\" style=\"min-height: 400px;\"><div class=\"uncell no-block-padding\" ><div class=\"uncont\"><\/div><\/div><\/div><\/div><\/div><div class=\"wpb_column pos-middle pos-center align_left column_child col-lg-6 omarce-col-right single-internal-gutter\"><div class=\"uncol style-dark font-136269\" ><div class=\"uncoltable\"><div class=\"uncell double-block-padding\" ><div class=\"uncont\" style=\"max-width:70%;\"><div class=\"uncode_text_column text-lead\" ><p>Market research reflected in strategic brand activities is how strong brands are built. This is true, provided that it goes beyond buzzwords, schematic recommendations and simplified conclusions. What\u2019s important is to truly understand the context, in which the brand operates.<\/p>\n<p>I am a researcher, a moderator of focus groups and individual interviews in the projects I execute, a strategist and workshop facilitator. Sounds like a lot? Yes, but I have been working in this industry for over 20 years and I continue to expand my horizons, because everything around changes so fast.<\/p>\n<p>I have experience in working with large, strong brands as well as own brands.<\/p>\n<p>Before I propose the way ahead with brand strategy, I conduct a preliminary diagnosis. If you would like to check how to make your brand strong and more recognizable, more coherent \u2013 let\u2019s meet. This would be an intro to the analysis, after which you will receive a tailored offer.<\/p>\n<p>Ma\u0142gorzata Radziszewska<br \/>\n<a href=\"mailto:malgorzata@omarce.pl\" target=\"_blank\" rel=\"noopener\">malgorzata@omarce.pl<\/a><\/p>\n<\/div><\/div><\/div><\/div><\/div><\/div><\/div><\/div><\/div><\/div><\/div><\/div><\/div><\/div><script id=\"script-row-unique-0\" data-row=\"script-row-unique-0\" type=\"text\/javascript\" class=\"vc_controls\">UNCODE.initRow(document.getElementById(\"row-unique-0\"));<\/script><\/div><\/div><\/div>\n<\/div>","protected":false},"excerpt":{"rendered":"Badania rynku przek\u0142adane na strategiczne dzia\u0142ania marek to przepis na budow\u0119 silnego brandu. Tak, ale pod warunkiem wyj\u015bcia poza buzzwordy, [...]","protected":false},"author":1,"featured_media":0,"parent":0,"menu_order":0,"comment_status":"closed","ping_status":"closed","template":"","meta":{"footnotes":""},"class_list":["post-57044","page","type-page","status-publish","hentry"],"_links":{"self":[{"href":"https:\/\/omarce.pl\/en\/wp-json\/wp\/v2\/pages\/57044","targetHints":{"allow":["GET"]}}],"collection":[{"href":"https:\/\/omarce.pl\/en\/wp-json\/wp\/v2\/pages"}],"about":[{"href":"https:\/\/omarce.pl\/en\/wp-json\/wp\/v2\/types\/page"}],"author":[{"embeddable":true,"href":"https:\/\/omarce.pl\/en\/wp-json\/wp\/v2\/users\/1"}],"replies":[{"embeddable":true,"href":"https:\/\/omarce.pl\/en\/wp-json\/wp\/v2\/comments?post=57044"}],"version-history":[{"count":28,"href":"https:\/\/omarce.pl\/en\/wp-json\/wp\/v2\/pages\/57044\/revisions"}],"predecessor-version":[{"id":118737,"href":"https:\/\/omarce.pl\/en\/wp-json\/wp\/v2\/pages\/57044\/revisions\/118737"}],"wp:attachment":[{"href":"https:\/\/omarce.pl\/en\/wp-json\/wp\/v2\/media?parent=57044"}],"curies":[{"name":"wp","href":"https:\/\/api.w.org\/{rel}","templated":true}]}}